{"id":32,"date":"2024-11-19T16:27:45","date_gmt":"2024-11-19T15:27:45","guid":{"rendered":"https:\/\/asseco-kariera.devel8.wlc.team\/?page_id=32"},"modified":"2025-09-18T14:47:43","modified_gmt":"2025-09-18T12:47:43","slug":"nasze-oferty-pracy","status":"publish","type":"page","link":"https:\/\/assecobs.pl\/kariera\/nasze-oferty-pracy\/","title":{"rendered":"Nasze oferty pracy"},"content":{"rendered":"\n<div class=\"wp-block-group job-offers-with-filters is-layout-flow wp-block-group-is-layout-flow\">\n<div class=\"wp-block-group is-layout-constrained wp-block-group-is-layout-constrained\">\n<h1 class=\"wp-block-heading\">Nasze oferty pracy<\/h1>\n<\/div>\n\n\n\t\t<div class=\"erecruiter-filters\" data-show-filters=\"1\"><\/div>\n\t\t<div \n\t\t\tclass=\"erecruiter-offers\"\n\t\t\tdata-offers-number=\"4\"\n\t\t\tdata-erecruiter-url=\"https:\/\/offers.erecruiter.pl\/skk\/company\/20002894\/offers.json?hash=1E90D4283996FA6BF58A1D93C22F84DE543E6F0B4A692D929180D93A8BB0C044344467963E7E0E9DFE16B74CB7BF85CEB4A2C799228C01A804191F6158B3D06F\"\n\t\t\tdata-template-url=\"https:\/\/assecobs.pl\/kariera\/oferta-pracy\"\n\t\t><\/div>\n\t\t<\/div>\n\n\n\n<section class=\"wp-block-group cta-with-image is-layout-constrained wp-container-core-group-is-layout-a7c31ef8 wp-block-group-is-layout-constrained\" style=\"padding-right:0;padding-left:0\">\n<div class=\"wp-block-group alignwide is-layout-flow wp-block-group-is-layout-flow\">\n<div class=\"wp-block-group alignwide cta-with-image-inner is-layout-flow wp-block-group-is-layout-flow\" style=\"padding-right:0;padding-left:0\">\n<div class=\"wp-block-group cta-with-image__image-wrapper is-layout-flow wp-block-group-is-layout-flow\" style=\"padding-right:0;padding-left:0\">\n<figure class=\"wp-block-image size-large\"><img loading=\"lazy\" decoding=\"async\" width=\"579\" height=\"1024\" src=\"https:\/\/assecobs.pl\/kariera\/wp-content\/uploads\/sites\/2\/2025\/08\/IMGbezpauliny8-579x1024.jpeg\" alt=\"\" class=\"wp-image-254\" srcset=\"https:\/\/assecobs.pl\/kariera\/wp-content\/uploads\/sites\/2\/2025\/08\/IMGbezpauliny8-579x1024.jpeg 579w, https:\/\/assecobs.pl\/kariera\/wp-content\/uploads\/sites\/2\/2025\/08\/IMGbezpauliny8-170x300.jpeg 170w, https:\/\/assecobs.pl\/kariera\/wp-content\/uploads\/sites\/2\/2025\/08\/IMGbezpauliny8-768x1357.jpeg 768w, https:\/\/assecobs.pl\/kariera\/wp-content\/uploads\/sites\/2\/2025\/08\/IMGbezpauliny8-869x1536.jpeg 869w, https:\/\/assecobs.pl\/kariera\/wp-content\/uploads\/sites\/2\/2025\/08\/IMGbezpauliny8-1159x2048.jpeg 1159w, https:\/\/assecobs.pl\/kariera\/wp-content\/uploads\/sites\/2\/2025\/08\/IMGbezpauliny8-39x69.jpeg 39w, https:\/\/assecobs.pl\/kariera\/wp-content\/uploads\/sites\/2\/2025\/08\/IMGbezpauliny8-234x414.jpeg 234w, https:\/\/assecobs.pl\/kariera\/wp-content\/uploads\/sites\/2\/2025\/08\/IMGbezpauliny8.jpeg 1170w\" sizes=\"auto, (max-width: 579px) 100vw, 579px\" \/><figcaption class=\"wp-element-caption\">Screenshot<\/figcaption><\/figure>\n<\/div>\n\n\n\n<div class=\"wp-block-group cta-with-image__content is-vertical is-layout-flex wp-container-core-group-is-layout-8cf370e7 wp-block-group-is-layout-flex\">\n<h2 class=\"wp-block-heading\">Nie znalaz\u0142e\u015b oferty dla siebie?<\/h2>\n\n\n\n<p>Niezale\u017cnie od tego, czy Twoje umiej\u0119tno\u015bci idealnie pasuj\u0105 do istniej\u0105cego stanowiska, czy te\u017c masz wizj\u0119 roli, kt\u00f3rej jeszcze nie stworzyli\u015bmy &#8211; chcemy Ci\u0119 pozna\u0107!<\/p>\n\n\n\n<div class=\"wp-block-buttons is-layout-flex wp-block-buttons-is-layout-flex\">\n<div class=\"wp-block-button is-style-arrow-right\"><a class=\"wp-block-button__link wp-element-button\" href=\"https:\/\/system.erecruiter.pl\/FormTemplates\/RecruitmentForm.aspx?WebID=4b4e16e8603f4cb6aef672ee6cbc6d0d\">Zostaw CV<\/a><\/div>\n<\/div>\n<\/div>\n<\/div>\n<\/div>\n<\/section>\n\n\n\n<p><\/p>\n","protected":false},"excerpt":{"rendered":"<p>Nasze oferty pracy Nie znalaz\u0142e\u015b oferty dla siebie? Niezale\u017cnie od tego, czy Twoje umiej\u0119tno\u015bci idealnie pasuj\u0105 do istniej\u0105cego stanowiska, czy te\u017c masz wizj\u0119 roli, kt\u00f3rej jeszcze nie stworzyli\u015bmy &#8211; chcemy Ci\u0119 pozna\u0107!<\/p>\n","protected":false},"author":1,"featured_media":0,"parent":0,"menu_order":0,"comment_status":"closed","ping_status":"closed","template":"all-offers","meta":{"footnotes":""},"class_list":["post-32","page","type-page","status-publish","hentry"],"yoast_head":"<!-- This site is optimized with the Yoast SEO plugin v27.1.1 - https:\/\/yoast.com\/product\/yoast-seo-wordpress\/ -->\n<title>Nasze oferty pracy - Asseco Business Solutions - Kariera<\/title>\n<meta name=\"robots\" content=\"index, follow, max-snippet:-1, max-image-preview:large, max-video-preview:-1\" \/>\n<link rel=\"canonical\" href=\"https:\/\/assecobs.pl\/kariera\/nasze-oferty-pracy\/\" \/>\n<meta property=\"og:locale\" content=\"pl_PL\" \/>\n<meta property=\"og:type\" content=\"article\" \/>\n<meta property=\"og:title\" content=\"Nasze oferty pracy - Asseco Business Solutions - Kariera\" \/>\n<meta property=\"og:description\" content=\"Nasze oferty pracy Nie znalaz\u0142e\u015b oferty dla siebie? Niezale\u017cnie od tego, czy Twoje umiej\u0119tno\u015bci idealnie pasuj\u0105 do istniej\u0105cego stanowiska, czy te\u017c masz wizj\u0119 roli, kt\u00f3rej jeszcze nie stworzyli\u015bmy &#8211; chcemy Ci\u0119 pozna\u0107!\" \/>\n<meta property=\"og:url\" content=\"https:\/\/assecobs.pl\/kariera\/nasze-oferty-pracy\/\" \/>\n<meta property=\"og:site_name\" content=\"Asseco Business Solutions - Kariera\" \/>\n<meta property=\"article:modified_time\" content=\"2025-09-18T12:47:43+00:00\" \/>\n<meta property=\"og:image\" content=\"https:\/\/assecobs.pl\/kariera\/wp-content\/uploads\/sites\/2\/2025\/08\/IMGbezpauliny8.jpeg\" \/>\n\t<meta property=\"og:image:width\" content=\"1170\" \/>\n\t<meta property=\"og:image:height\" content=\"2068\" \/>\n\t<meta property=\"og:image:type\" content=\"image\/jpeg\" \/>\n<meta name=\"twitter:card\" content=\"summary_large_image\" \/>\n<meta name=\"twitter:label1\" content=\"Szacowany czas czytania\" \/>\n\t<meta name=\"twitter:data1\" content=\"1 minuta\" \/>\n<script type=\"application\/ld+json\" class=\"yoast-schema-graph\">{\"@context\":\"https:\/\/schema.org\",\"@graph\":[{\"@type\":\"WebPage\",\"@id\":\"https:\/\/assecobs.pl\/kariera\/nasze-oferty-pracy\/\",\"url\":\"https:\/\/assecobs.pl\/kariera\/nasze-oferty-pracy\/\",\"name\":\"Nasze oferty pracy - Asseco Business Solutions - Kariera\",\"isPartOf\":{\"@id\":\"https:\/\/assecobs.pl\/kariera\/#website\"},\"primaryImageOfPage\":{\"@id\":\"https:\/\/assecobs.pl\/kariera\/nasze-oferty-pracy\/#primaryimage\"},\"image\":{\"@id\":\"https:\/\/assecobs.pl\/kariera\/nasze-oferty-pracy\/#primaryimage\"},\"thumbnailUrl\":\"https:\/\/assecobs.pl\/kariera\/wp-content\/uploads\/sites\/2\/2025\/08\/IMGbezpauliny8-579x1024.jpeg\",\"datePublished\":\"2024-11-19T15:27:45+00:00\",\"dateModified\":\"2025-09-18T12:47:43+00:00\",\"breadcrumb\":{\"@id\":\"https:\/\/assecobs.pl\/kariera\/nasze-oferty-pracy\/#breadcrumb\"},\"inLanguage\":\"pl-PL\",\"potentialAction\":[{\"@type\":\"ReadAction\",\"target\":[\"https:\/\/assecobs.pl\/kariera\/nasze-oferty-pracy\/\"]}]},{\"@type\":\"ImageObject\",\"inLanguage\":\"pl-PL\",\"@id\":\"https:\/\/assecobs.pl\/kariera\/nasze-oferty-pracy\/#primaryimage\",\"url\":\"https:\/\/assecobs.pl\/kariera\/wp-content\/uploads\/sites\/2\/2025\/08\/IMGbezpauliny8.jpeg\",\"contentUrl\":\"https:\/\/assecobs.pl\/kariera\/wp-content\/uploads\/sites\/2\/2025\/08\/IMGbezpauliny8.jpeg\",\"width\":1170,\"height\":2068,\"caption\":\"Screenshot\"},{\"@type\":\"BreadcrumbList\",\"@id\":\"https:\/\/assecobs.pl\/kariera\/nasze-oferty-pracy\/#breadcrumb\",\"itemListElement\":[{\"@type\":\"ListItem\",\"position\":1,\"name\":\"Strona g\u0142\u00f3wna\",\"item\":\"https:\/\/assecobs.pl\/kariera\/\"},{\"@type\":\"ListItem\",\"position\":2,\"name\":\"Nasze oferty pracy\"}]},{\"@type\":\"WebSite\",\"@id\":\"https:\/\/assecobs.pl\/kariera\/#website\",\"url\":\"https:\/\/assecobs.pl\/kariera\/\",\"name\":\"Asseco Business Solutions - Kariera\",\"description\":\"\",\"publisher\":{\"@id\":\"https:\/\/assecobs.pl\/kariera\/#organization\"},\"potentialAction\":[{\"@type\":\"SearchAction\",\"target\":{\"@type\":\"EntryPoint\",\"urlTemplate\":\"https:\/\/assecobs.pl\/kariera\/?s={search_term_string}\"},\"query-input\":{\"@type\":\"PropertyValueSpecification\",\"valueRequired\":true,\"valueName\":\"search_term_string\"}}],\"inLanguage\":\"pl-PL\"},{\"@type\":\"Organization\",\"@id\":\"https:\/\/assecobs.pl\/kariera\/#organization\",\"name\":\"Asseco Business Solutions - Kariera\",\"url\":\"https:\/\/assecobs.pl\/kariera\/\",\"logo\":{\"@type\":\"ImageObject\",\"inLanguage\":\"pl-PL\",\"@id\":\"https:\/\/assecobs.pl\/kariera\/#\/schema\/logo\/image\/\",\"url\":\"https:\/\/assecobs.pl\/kariera\/wp-content\/uploads\/sites\/2\/2024\/11\/logo.svg\",\"contentUrl\":\"https:\/\/assecobs.pl\/kariera\/wp-content\/uploads\/sites\/2\/2024\/11\/logo.svg\",\"caption\":\"Asseco Business Solutions - Kariera\"},\"image\":{\"@id\":\"https:\/\/assecobs.pl\/kariera\/#\/schema\/logo\/image\/\"}}]}<\/script>\n<!-- \/ Yoast SEO plugin. -->","yoast_head_json":{"title":"Nasze oferty pracy - Asseco Business Solutions - Kariera","robots":{"index":"index","follow":"follow","max-snippet":"max-snippet:-1","max-image-preview":"max-image-preview:large","max-video-preview":"max-video-preview:-1"},"canonical":"https:\/\/assecobs.pl\/kariera\/nasze-oferty-pracy\/","og_locale":"pl_PL","og_type":"article","og_title":"Nasze oferty pracy - Asseco Business Solutions - Kariera","og_description":"Nasze oferty pracy Nie znalaz\u0142e\u015b oferty dla siebie? Niezale\u017cnie od tego, czy Twoje umiej\u0119tno\u015bci idealnie pasuj\u0105 do istniej\u0105cego stanowiska, czy te\u017c masz wizj\u0119 roli, kt\u00f3rej jeszcze nie stworzyli\u015bmy &#8211; chcemy Ci\u0119 pozna\u0107!","og_url":"https:\/\/assecobs.pl\/kariera\/nasze-oferty-pracy\/","og_site_name":"Asseco Business Solutions - Kariera","article_modified_time":"2025-09-18T12:47:43+00:00","og_image":[{"width":1170,"height":2068,"url":"https:\/\/assecobs.pl\/kariera\/wp-content\/uploads\/sites\/2\/2025\/08\/IMGbezpauliny8.jpeg","type":"image\/jpeg"}],"twitter_card":"summary_large_image","twitter_misc":{"Szacowany czas czytania":"1 minuta"},"schema":{"@context":"https:\/\/schema.org","@graph":[{"@type":"WebPage","@id":"https:\/\/assecobs.pl\/kariera\/nasze-oferty-pracy\/","url":"https:\/\/assecobs.pl\/kariera\/nasze-oferty-pracy\/","name":"Nasze oferty pracy - Asseco Business Solutions - Kariera","isPartOf":{"@id":"https:\/\/assecobs.pl\/kariera\/#website"},"primaryImageOfPage":{"@id":"https:\/\/assecobs.pl\/kariera\/nasze-oferty-pracy\/#primaryimage"},"image":{"@id":"https:\/\/assecobs.pl\/kariera\/nasze-oferty-pracy\/#primaryimage"},"thumbnailUrl":"https:\/\/assecobs.pl\/kariera\/wp-content\/uploads\/sites\/2\/2025\/08\/IMGbezpauliny8-579x1024.jpeg","datePublished":"2024-11-19T15:27:45+00:00","dateModified":"2025-09-18T12:47:43+00:00","breadcrumb":{"@id":"https:\/\/assecobs.pl\/kariera\/nasze-oferty-pracy\/#breadcrumb"},"inLanguage":"pl-PL","potentialAction":[{"@type":"ReadAction","target":["https:\/\/assecobs.pl\/kariera\/nasze-oferty-pracy\/"]}]},{"@type":"ImageObject","inLanguage":"pl-PL","@id":"https:\/\/assecobs.pl\/kariera\/nasze-oferty-pracy\/#primaryimage","url":"https:\/\/assecobs.pl\/kariera\/wp-content\/uploads\/sites\/2\/2025\/08\/IMGbezpauliny8.jpeg","contentUrl":"https:\/\/assecobs.pl\/kariera\/wp-content\/uploads\/sites\/2\/2025\/08\/IMGbezpauliny8.jpeg","width":1170,"height":2068,"caption":"Screenshot"},{"@type":"BreadcrumbList","@id":"https:\/\/assecobs.pl\/kariera\/nasze-oferty-pracy\/#breadcrumb","itemListElement":[{"@type":"ListItem","position":1,"name":"Strona g\u0142\u00f3wna","item":"https:\/\/assecobs.pl\/kariera\/"},{"@type":"ListItem","position":2,"name":"Nasze oferty pracy"}]},{"@type":"WebSite","@id":"https:\/\/assecobs.pl\/kariera\/#website","url":"https:\/\/assecobs.pl\/kariera\/","name":"Asseco Business Solutions - Kariera","description":"","publisher":{"@id":"https:\/\/assecobs.pl\/kariera\/#organization"},"potentialAction":[{"@type":"SearchAction","target":{"@type":"EntryPoint","urlTemplate":"https:\/\/assecobs.pl\/kariera\/?s={search_term_string}"},"query-input":{"@type":"PropertyValueSpecification","valueRequired":true,"valueName":"search_term_string"}}],"inLanguage":"pl-PL"},{"@type":"Organization","@id":"https:\/\/assecobs.pl\/kariera\/#organization","name":"Asseco Business Solutions - Kariera","url":"https:\/\/assecobs.pl\/kariera\/","logo":{"@type":"ImageObject","inLanguage":"pl-PL","@id":"https:\/\/assecobs.pl\/kariera\/#\/schema\/logo\/image\/","url":"https:\/\/assecobs.pl\/kariera\/wp-content\/uploads\/sites\/2\/2024\/11\/logo.svg","contentUrl":"https:\/\/assecobs.pl\/kariera\/wp-content\/uploads\/sites\/2\/2024\/11\/logo.svg","caption":"Asseco Business Solutions - Kariera"},"image":{"@id":"https:\/\/assecobs.pl\/kariera\/#\/schema\/logo\/image\/"}}]}},"_links":{"self":[{"href":"https:\/\/assecobs.pl\/kariera\/wp-json\/wp\/v2\/pages\/32","targetHints":{"allow":["GET"]}}],"collection":[{"href":"https:\/\/assecobs.pl\/kariera\/wp-json\/wp\/v2\/pages"}],"about":[{"href":"https:\/\/assecobs.pl\/kariera\/wp-json\/wp\/v2\/types\/page"}],"author":[{"embeddable":true,"href":"https:\/\/assecobs.pl\/kariera\/wp-json\/wp\/v2\/users\/1"}],"replies":[{"embeddable":true,"href":"https:\/\/assecobs.pl\/kariera\/wp-json\/wp\/v2\/comments?post=32"}],"version-history":[{"count":8,"href":"https:\/\/assecobs.pl\/kariera\/wp-json\/wp\/v2\/pages\/32\/revisions"}],"predecessor-version":[{"id":263,"href":"https:\/\/assecobs.pl\/kariera\/wp-json\/wp\/v2\/pages\/32\/revisions\/263"}],"wp:attachment":[{"href":"https:\/\/assecobs.pl\/kariera\/wp-json\/wp\/v2\/media?parent=32"}],"curies":[{"name":"wp","href":"https:\/\/api.w.org\/{rel}","templated":true}]}}